{"id":3333,"date":"2019-11-18T11:16:13","date_gmt":"2019-11-18T11:16:13","guid":{"rendered":"http:\/\/localhost\/?page_id=3333"},"modified":"2026-02-09T11:29:23","modified_gmt":"2026-02-09T09:29:23","slug":"over-yellowq","status":"publish","type":"page","link":"https:\/\/www.yellowq.nl\/de\/over-yellowq\/","title":{"rendered":"\u00dcber yellowQ"},"content":{"rendered":"<div  data-label=\"Wat is yellowQ\" data-id=\"content--1\" data-export-id=\"content-5-2\" data-category=\"content\" class=\"content-5-2 content-section content-section-spacing\" id=\"wat-is-yellowq\" style=\"background-color: rgb(255, 255, 255);\"><div  class=\"\"> <div  class=\"row text-center\"><div  class=\"section-title-col\" data-type=\"column\">  <\/div> <\/div> <div  class=\"row middle-sm\"> <div  class=\"col-sm-6 flexbox around-xs top-xs\"> <div  class=\"overlay-box flexbox middle-xs center-xs overlay-holder\"> <div ><\/div> <img  decoding=\"async\" data-size=\"485x632\" src=\"https:\/\/www.yellowq.nl\/wp-content\/uploads\/2023\/10\/cropped-cropped-cropped-cropped-20200817-5475-lr-1-1.png\" alt=\"\" title=\"20200817-5475-lr\"><\/div> <\/div> <div  class=\"col-sm-6 space-bottom-xs first-xs last-sm\"> <div  class=\"row space-bottom content-holder\" data-type=\"column\">  <h1  style=\"font-size: 36px; line-height: 35px;\" class=\"\"><span  style=\"color: rgb(65, 95, 102);\">\u00dcber yellowQ<\/span><\/h1><p  class=\"\">Wij zorgen voor <b >eenvoudig <\/b>en <b >efficient <\/b>werkbonproces.\r\n<br ><br >Hoe kan het anders, waardoor het beter gaat. Organisaties die de processen op orde hebben werken zonder rem. Ze besparen op kosten door <b >pure effici\u00ebntie<\/b> en kijken verder dan hun financi\u00eble plaatje: minder papier, minder kilometers, m\u00e9\u00e9r duurzaamheid. Medewerkers die blij zijn omdat alles soepel loopt en razendsnel gaat. <b >Vandaag beter dan gisteren.<\/b>\r\n<br ><br >Bij yellowQ draait het om meer dan processen op rolletjes laten lopen. We willen dat mensen zich vrij en krachtig voelen als ze werken met onze software. Daarom bestaan we. We stroomlijnen werkbonnen, waar je ook bent, en tillen werkplezier naar een hoger level \u2013 altijd en overal. Gedrevenheid en tech-savvy zit in ons DNA, dus we koppelen onze app eenvoudig met bestaande software. <b >Simpel en effici\u00ebnt. Dat is yellowQ.<\/b><\/p><\/div> <div  class=\"row space-bottom\" data-type=\"row\"><div  class=\"col-sm-6 space-bottom\">   <\/div>    <\/div><\/div> <\/div><\/div> <\/div><div  data-label=\"Team\" data-id=\"team--2\" data-export-id=\"team-2\" data-category=\"team\" class=\"team-2 content-section content-section-spacing\" id=\"team-1\" style=\"background-color: rgb(255, 255, 255);\"><div  class=\"\"> <div  class=\"row text-center\"><div  class=\"section-title-col\" data-type=\"column\"> <h2  class=\"\"><span  style=\"color: rgb(248, 177, 51);\">Nice to meet you!<\/span><span  id=\"_mce_caret\" data-mce-bogus=\"1\" data-mce-type=\"format-caret\"><span  style=\"color: rgb(248, 177, 51);\"><\/span><\/span><\/h2> <p  class=\"lead\"><span ><span  style=\"font-weight: 400;\">Het team van yellowQ werkt hard&nbsp;<\/span><\/span>aan slimme oplossingen om het werkbonproces eenvoudig en efficient te maken.<br >Met hun kennis van de nieuwste tech en een flinke dosis enthousiasme, zorgen ze dat organisaties echt het verschil maken en merken.<br ><br >\r\nDe twee founders zijn:<\/p><\/div> <\/div> <div  class=\"row spaced-cols content-center-sm center-sm\" data-type=\"row\">  <div  class=\"col-sm-6 col-md-3\"> <div  class=\"card y-move no-padding bordered\"> <img decoding=\"async\"  class=\"face\" src=\"https:\/\/www.yellowq.nl\/wp-content\/uploads\/2023\/10\/cropped-Component-7-\u2013-1-1.png\" title=\"cropped-Component-7-\u2013-1-1.png\" alt=\"\"> <div  data-type=\"column\" class=\"col-padding-small col-padding-small-xs description-container\"> <h4  class=\"\">Job Weegink<\/h4><p  class=\"small\" style=\"font-style: italic;\"><span  style=\"font-weight: 500;\">Deze Rijssense ondernemer is de frisse wizard en het automatiseringsbrein achter deze nieuwe start-up. \r\n<br ><br >Samen met de programmeurs maakt hij yellowQ tot de beste Field Service Software.\r\n<\/span><br ><br ><span  style=\"font-weight: 500;\">\r\nHij wil dat jouw werkplezier net zo groot wordt als dat van hemzelf. Deze alleskunner is up-to-date in de nieuwste technieken, waardoor alles zo smooth verloopt in die handige yellowQ-app.\r\n<\/span><\/p>  <div  class=\"social-icons-group\" data-type=\"group\"> <a href=\"#\" target=\"_self\" data-reiki-hidden=\"true\" rel=\"noopener\"><i  class=\"fa icon fa-facebook-square gray\"><\/i><\/a> <a href=\"#\" target=\"_self\" data-reiki-hidden=\"true\" rel=\"noopener\"><i  class=\"fa icon fa-twitter-square gray\"><\/i><\/a> <a href=\"https:\/\/www.linkedin.com\/in\/jobweegink\" target=\"_self\" rel=\"noopener\" class=\"\"><i  class=\"fa icon fa-linkedin-square color1\"><\/i><\/a> <a href=\"#\" target=\"_self\" data-reiki-hidden=\"true\" rel=\"noopener\"><i  class=\"fa icon fa-google-plus-square gray\"><\/i><\/a><\/div> <\/div><\/div> <\/div> <div  class=\"col-sm-6 col-md-3\"> <div  class=\"card y-move no-padding bordered\"> <img decoding=\"async\"  class=\"face\" src=\"https:\/\/www.yellowq.nl\/wp-content\/uploads\/2023\/10\/cropped-Scherm\u00adafbeelding-2023-10-31-om-19.01.29.png\" title=\"cropped-Scherm\u00adafbeelding-2023-10-31-om-19.01.29.png\" alt=\"\"> <div  data-type=\"column\" class=\"col-padding-small col-padding-small-xs description-container\">  <h4  class=\"\">Wesley van Pijkeren<\/h4><p  class=\"small\" style=\"font-style: italic;\">D<span  style=\"font-weight: 400;\">eze &#8216;dokter Fieldservice&#8217; is de functionele spil en salesman van yellowQ. Hij gelooft erin dat organisaties een hogere productiviteit kunnen bereiken door eenvoudiger en effici\u00ebntere processen met ondersteuning van de juiste software.\r\n<\/span><br ><br ><span  style=\"font-weight: 400;\">\r\nHij beschikt over een gezonde dosis humor en sport net zo fanatiek als hij zaken doet.\r\n\r\n<\/span><br ><span  style=\"font-weight: 400;\">Als jouw organisatie slimmer kan, krijgt Wesley dit voor elkaar!\r\n<\/span><\/p> <div  class=\"social-icons-group\" data-type=\"group\"> <a href=\"#\" target=\"_self\" data-reiki-hidden=\"true\" rel=\"noopener\"><i  class=\"fa icon fa-facebook-square gray\"><\/i><\/a> <a href=\"#\" target=\"_self\" data-reiki-hidden=\"true\" rel=\"noopener\"><i  class=\"fa icon fa-twitter-square gray\"><\/i><\/a> <a href=\"https:\/\/www.linkedin.com\/in\/wesley-van-pijkeren-7973017\" target=\"_self\" rel=\"noopener\" class=\"\"><i  class=\"fa icon fa-linkedin-square color1\"><\/i><\/a> <a href=\"#\" target=\"_self\" data-reiki-hidden=\"true\" rel=\"noopener\"><i  class=\"fa icon fa-google-plus-square gray\"><\/i><\/a><\/div> <\/div><\/div> <\/div>     <\/div> <\/div><\/div><div  data-label=\"Demo\" data-id=\"cta--2\" data-export-id=\"cta-blue-section\" data-category=\"cta\" class=\"cta-blue-section content-section content-section-spacing-medium bg-color1 white-text\" id=\"demo\" style=\"background-image: url(&quot;https:\/\/www.yellowq.nl\/wp-content\/uploads\/2020\/05\/demo.png&quot;); background-size: cover; background-position: center top;\"><div  class=\"gridContainer\"> <div  class=\"row middle-xs\"><div  class=\"col-sm-8 space-bottom-xs\" data-type=\"column\"> <h2  class=\"\"><span  style=\"color: rgb(248, 177, 51);\">Testen Sie die&nbsp;<\/span><br >Plattform kostenlos<\/h2> <p  class=\"\"><span  style=\"font-weight: 700;\">Das ist m\u00f6glich!<\/span> Fordern Sie die Demo an.<\/p><\/div> <div  id=\"alleFunctiesDemoAanvragen\" class=\"col-sm-4 end-sm\" data-type=\"column\"> <a class=\"button color-white round outline\" href=\"https:\/\/www.yellowq.nl\/de\/functies\/\" target=\"_self\" data-cp-link=\"1\" data-icon=\"\" rel=\"noopener noreferrer\">ALLE FUNKTIONALIT\u00c4TEN ANSEHEN<\/a><br  class=\"\"><a id=\"DemoAanBtn1\" class=\"button color3 round\" href=\"https:\/\/www.yellowq.nl\/de\/demo-aanvragen\/\" target=\"_self\" data-cp-link=\"1\" data-icon=\"\" rel=\"noopener noreferrer\">DEMO ANFRAGEN<\/a><\/div> <\/div><\/div> <\/div>","protected":false},"excerpt":{"rendered":"<p>Over yellowQWij zorgen voor eenvoudig en efficient werkbonproces. Hoe kan het anders, waardoor het beter gaat. Organisaties die de processen op orde hebben werken zonder rem. Ze besparen op kosten door pure effici\u00ebntie en kijken verder dan hun financi\u00eble plaatje: minder papier, minder kilometers, m\u00e9\u00e9r duurzaamheid. Medewerkers die blij zijn omdat alles soepel loopt en&hellip; <br \/> <a class=\"read-more\" href=\"https:\/\/www.yellowq.nl\/de\/over-yellowq\/\">Weiterlesen<\/a><\/p>","protected":false},"author":1,"featured_media":0,"parent":0,"menu_order":0,"comment_status":"closed","ping_status":"closed","template":"pro\/page-templates\/full-width-page.php","meta":{"footnotes":""},"class_list":["post-3333","page","type-page","status-publish","hentry"],"yoast_head":"<!-- This site is optimized with the Yoast SEO plugin v17.4 - https:\/\/yoast.com\/wordpress\/plugins\/seo\/ -->\n<title>yellowQ | D\u00e9 software voor de bouw - Wie zijn wij?<\/title>\n<meta name=\"description\" content=\"Leer alles over yellowQ: d\u00e9 app voor monteurs en bouwvakkers. Ontdek hoe we de effici\u00ebntie vergroten en de workflow verbeteren.\" \/>\n<meta name=\"robots\" content=\"index, follow, max-snippet:-1, max-image-preview:large, max-video-preview:-1\" \/>\n<link rel=\"canonical\" href=\"https:\/\/www.yellowq.nl\/de\/over-yellowq\/\" \/>\n<meta property=\"og:locale\" content=\"de_DE\" \/>\n<meta property=\"og:type\" content=\"article\" \/>\n<meta property=\"og:title\" content=\"yellowQ | D\u00e9 software voor de bouw - Wie zijn wij?\" \/>\n<meta property=\"og:description\" content=\"Leer alles over yellowQ: d\u00e9 app voor monteurs en bouwvakkers. Ontdek hoe we de effici\u00ebntie vergroten en de workflow verbeteren.\" \/>\n<meta property=\"og:url\" content=\"https:\/\/www.yellowq.nl\/de\/over-yellowq\/\" \/>\n<meta property=\"og:site_name\" content=\"yellowQ\" \/>\n<meta property=\"article:modified_time\" content=\"2026-02-09T09:29:23+00:00\" \/>\n<meta property=\"og:image\" content=\"https:\/\/www.yellowq.nl\/wp-content\/uploads\/2023\/10\/cropped-cropped-cropped-cropped-20200817-5475-lr-1-1.png\" \/>\n<meta name=\"twitter:card\" content=\"summary_large_image\" \/>\n<meta name=\"twitter:label1\" content=\"Gesch\u00e4tzte Lesezeit\" \/>\n\t<meta name=\"twitter:data1\" content=\"2\u00a0Minuten\" \/>\n<script type=\"application\/ld+json\" class=\"yoast-schema-graph\">{\"@context\":\"https:\/\/schema.org\",\"@graph\":[{\"@type\":\"WebSite\",\"@id\":\"https:\/\/www.yellowq.nl\/#website\",\"url\":\"https:\/\/www.yellowq.nl\/\",\"name\":\"yellowQ\",\"description\":\"\",\"potentialAction\":[{\"@type\":\"SearchAction\",\"target\":{\"@type\":\"EntryPoint\",\"urlTemplate\":\"https:\/\/www.yellowq.nl\/?s={search_term_string}\"},\"query-input\":\"required name=search_term_string\"}],\"inLanguage\":\"de\"},{\"@type\":\"ImageObject\",\"@id\":\"https:\/\/www.yellowq.nl\/over-yellowq\/#primaryimage\",\"inLanguage\":\"de\",\"url\":\"https:\/\/www.yellowq.nl\/wp-content\/uploads\/2023\/10\/cropped-cropped-cropped-cropped-20200817-5475-lr-1-1.png\",\"contentUrl\":\"https:\/\/www.yellowq.nl\/wp-content\/uploads\/2023\/10\/cropped-cropped-cropped-cropped-20200817-5475-lr-1-1.png\",\"width\":1153,\"height\":810},{\"@type\":\"WebPage\",\"@id\":\"https:\/\/www.yellowq.nl\/over-yellowq\/#webpage\",\"url\":\"https:\/\/www.yellowq.nl\/over-yellowq\/\",\"name\":\"yellowQ | D\\u00e9 software voor de bouw - Wie zijn wij?\",\"isPartOf\":{\"@id\":\"https:\/\/www.yellowq.nl\/#website\"},\"primaryImageOfPage\":{\"@id\":\"https:\/\/www.yellowq.nl\/over-yellowq\/#primaryimage\"},\"datePublished\":\"2019-11-18T11:16:13+00:00\",\"dateModified\":\"2026-02-09T09:29:23+00:00\",\"description\":\"Leer alles over yellowQ: d\\u00e9 app voor monteurs en bouwvakkers. Ontdek hoe we de effici\\u00ebntie vergroten en de workflow verbeteren.\",\"breadcrumb\":{\"@id\":\"https:\/\/www.yellowq.nl\/over-yellowq\/#breadcrumb\"},\"inLanguage\":\"de\",\"potentialAction\":[{\"@type\":\"ReadAction\",\"target\":[\"https:\/\/www.yellowq.nl\/over-yellowq\/\"]}]},{\"@type\":\"BreadcrumbList\",\"@id\":\"https:\/\/www.yellowq.nl\/over-yellowq\/#breadcrumb\",\"itemListElement\":[{\"@type\":\"ListItem\",\"position\":1,\"name\":\"Home\",\"item\":\"https:\/\/www.yellowq.nl\/\"},{\"@type\":\"ListItem\",\"position\":2,\"name\":\"Over yellowQ\"}]}]}<\/script>\n<!-- \/ Yoast SEO plugin. -->","yoast_head_json":{"title":"yellowQ | D\u00e9 software voor de bouw - Wie zijn wij?","description":"Leer alles over yellowQ: d\u00e9 app voor monteurs en bouwvakkers. Ontdek hoe we de effici\u00ebntie vergroten en de workflow verbeteren.","robots":{"index":"index","follow":"follow","max-snippet":"max-snippet:-1","max-image-preview":"max-image-preview:large","max-video-preview":"max-video-preview:-1"},"canonical":"https:\/\/www.yellowq.nl\/de\/over-yellowq\/","og_locale":"de_DE","og_type":"article","og_title":"yellowQ | D\u00e9 software voor de bouw - Wie zijn wij?","og_description":"Leer alles over yellowQ: d\u00e9 app voor monteurs en bouwvakkers. Ontdek hoe we de effici\u00ebntie vergroten en de workflow verbeteren.","og_url":"https:\/\/www.yellowq.nl\/de\/over-yellowq\/","og_site_name":"yellowQ","article_modified_time":"2026-02-09T09:29:23+00:00","og_image":[{"url":"https:\/\/www.yellowq.nl\/wp-content\/uploads\/2023\/10\/cropped-cropped-cropped-cropped-20200817-5475-lr-1-1.png"}],"twitter_card":"summary_large_image","twitter_misc":{"Gesch\u00e4tzte Lesezeit":"2\u00a0Minuten"},"schema":{"@context":"https:\/\/schema.org","@graph":[{"@type":"WebSite","@id":"https:\/\/www.yellowq.nl\/#website","url":"https:\/\/www.yellowq.nl\/","name":"yellowQ","description":"","potentialAction":[{"@type":"SearchAction","target":{"@type":"EntryPoint","urlTemplate":"https:\/\/www.yellowq.nl\/?s={search_term_string}"},"query-input":"required name=search_term_string"}],"inLanguage":"de"},{"@type":"ImageObject","@id":"https:\/\/www.yellowq.nl\/over-yellowq\/#primaryimage","inLanguage":"de","url":"https:\/\/www.yellowq.nl\/wp-content\/uploads\/2023\/10\/cropped-cropped-cropped-cropped-20200817-5475-lr-1-1.png","contentUrl":"https:\/\/www.yellowq.nl\/wp-content\/uploads\/2023\/10\/cropped-cropped-cropped-cropped-20200817-5475-lr-1-1.png","width":1153,"height":810},{"@type":"WebPage","@id":"https:\/\/www.yellowq.nl\/over-yellowq\/#webpage","url":"https:\/\/www.yellowq.nl\/over-yellowq\/","name":"yellowQ | D\u00e9 software voor de bouw - Wie zijn wij?","isPartOf":{"@id":"https:\/\/www.yellowq.nl\/#website"},"primaryImageOfPage":{"@id":"https:\/\/www.yellowq.nl\/over-yellowq\/#primaryimage"},"datePublished":"2019-11-18T11:16:13+00:00","dateModified":"2026-02-09T09:29:23+00:00","description":"Leer alles over yellowQ: d\u00e9 app voor monteurs en bouwvakkers. Ontdek hoe we de effici\u00ebntie vergroten en de workflow verbeteren.","breadcrumb":{"@id":"https:\/\/www.yellowq.nl\/over-yellowq\/#breadcrumb"},"inLanguage":"de","potentialAction":[{"@type":"ReadAction","target":["https:\/\/www.yellowq.nl\/over-yellowq\/"]}]},{"@type":"BreadcrumbList","@id":"https:\/\/www.yellowq.nl\/over-yellowq\/#breadcrumb","itemListElement":[{"@type":"ListItem","position":1,"name":"Home","item":"https:\/\/www.yellowq.nl\/"},{"@type":"ListItem","position":2,"name":"Over yellowQ"}]}]}},"_links":{"self":[{"href":"https:\/\/www.yellowq.nl\/de\/wp-json\/wp\/v2\/pages\/3333","targetHints":{"allow":["GET"]}}],"collection":[{"href":"https:\/\/www.yellowq.nl\/de\/wp-json\/wp\/v2\/pages"}],"about":[{"href":"https:\/\/www.yellowq.nl\/de\/wp-json\/wp\/v2\/types\/page"}],"author":[{"embeddable":true,"href":"https:\/\/www.yellowq.nl\/de\/wp-json\/wp\/v2\/users\/1"}],"replies":[{"embeddable":true,"href":"https:\/\/www.yellowq.nl\/de\/wp-json\/wp\/v2\/comments?post=3333"}],"version-history":[{"count":58,"href":"https:\/\/www.yellowq.nl\/de\/wp-json\/wp\/v2\/pages\/3333\/revisions"}],"predecessor-version":[{"id":7283,"href":"https:\/\/www.yellowq.nl\/de\/wp-json\/wp\/v2\/pages\/3333\/revisions\/7283"}],"wp:attachment":[{"href":"https:\/\/www.yellowq.nl\/de\/wp-json\/wp\/v2\/media?parent=3333"}],"curies":[{"name":"wp","href":"https:\/\/api.w.org\/{rel}","templated":true}]}}