{"id":3411,"date":"2019-11-18T11:16:50","date_gmt":"2019-11-18T11:16:50","guid":{"rendered":"http:\/\/localhost\/?page_id=3411"},"modified":"2020-10-30T14:12:51","modified_gmt":"2020-10-30T12:12:51","slug":"mobiele-app","status":"publish","type":"page","link":"https:\/\/www.yellowq.nl\/de\/mobiele-app\/","title":{"rendered":"Mobile Anwendung"},"content":{"rendered":"<div  data-label=\"Mobiele app\" data-id=\"content--3\" data-export-id=\"content-9\" data-category=\"content\" class=\"content-9 content-section content-section-spacing\" id=\"mobiele-app\" style=\"background-color: rgb(255, 255, 255);\"><div  class=\"gridContainer\"> <div  class=\"row text-center\"><div  class=\"section-title-col\" data-type=\"column\"> <h2  class=\"\"><span  style=\"color: rgb(65, 95, 102);\">Mobile Anwendung<\/span><\/h2> <p  class=\"lead\"><span  style=\"color: rgb(65, 95, 102);\">Met de mobiele app heeft uw servicemonteur de nieuwste technologie in handen bij het uitvoeren van service en onderhoud. De mobiele app is volledig gebouwd voor snel en gebruiksvriendelijk afronden van de werkbon.\n<\/span><br ><span  style=\"color: rgb(65, 95, 102);\">Klik zelf door onderstaande demo\u2019s om onze app te leren kennen!<\/span><\/p><\/div> <\/div> <div  class=\"row space-bottom text-center\" data-type=\"row\"> <div  class=\"col-sm-4 col-padding-small col-md-4\">  <h4  class=\"\"><span  style=\"color: rgb(65, 95, 102);\">Ausgangspunkt des Tages\n<\/span><br >&nbsp;<\/h4> <p  class=\"\"><span  style=\"color: rgb(65, 95, 102);\">Ein Bildschirm mit Ihrer Arbeit f\u00fcr den Tag. \nEs beginnt mit \neiner \u00dcbersicht.\n\n<\/span><\/p><p  class=\"\"><iframe loading=\"lazy\"  src=\"\/\/www.appdemostore.com\/embed?id=6194141183606784\" width=\"286\" height=\"581\" frameborder=\"0\"><\/iframe><\/p><\/div>  <div  class=\"col-sm-4 col-padding-small col-md-4\">  <h4  class=\"\"><span  style=\"color: rgb(65, 95, 102);\">Automatische Zeiterfassung\n<\/span><br >&nbsp;<\/h4> <p  class=\"\"><span  style=\"color: rgb(65, 95, 102);\">Intelligente Zeiterfassung auf Knopfdruck.\n<\/span><br >&nbsp; &nbsp;&nbsp;<\/p><p  class=\"\"><iframe loading=\"lazy\"  src=\"\/\/www.appdemostore.com\/embed?id=6339942371295232\" width=\"286\" height=\"581\" frameborder=\"0\"><\/iframe><\/p><\/div><div  class=\"col-sm-4 col-padding-small col-md-4\"> <h4  class=\"\"><span  style=\"color: rgb(65, 95, 102);\">Registrierung von Material, Ausr\u00fcstung und Stunden<\/span>\n<br >&nbsp; &nbsp;&nbsp;<\/h4> <p  class=\"\"><span  style=\"color: rgb(65, 95, 102);\">Keine lose Anmeldung, Quittungen oder Papiere. Alle Kostenbestandteile werden zentral gespeichert.<\/span><\/p><p  class=\"\"><iframe loading=\"lazy\"  src=\"\/\/www.appdemostore.com\/embed?id=4907850018062336\" width=\"286\" height=\"581\" frameborder=\"0\"><\/iframe><\/p><\/div> <div  class=\"col-sm-4 col-padding-small col-md-4\"> <h4  class=\"\"><span  style=\"color: rgb(65, 95, 102);\">Hinzuf\u00fcgen und Bearbeiten von Fotos<\/span><\/h4> <p  class=\"\"><span  style=\"color: rgb(65, 95, 102);\">Unbegrenzt viele Fotos hinzuf\u00fcgen. Direkt verf\u00fcgbar f\u00fcr Kollegen, Kunden und Auftraggeber.<\/span><br >\n<\/p><p  class=\"\"><iframe loading=\"lazy\"  src=\"\/\/www.appdemostore.com\/embed?id=5419125911322624\" width=\"286\" height=\"581\" frameborder=\"0\"><\/iframe><\/p><\/div><div  class=\"col-sm-4 col-padding-small col-md-4\">  <h4  class=\"\"><span  style=\"color: rgb(65, 95, 102);\">Digitale Unterschrift<\/span><\/h4> <p  class=\"\"><span  style=\"color: rgb(65, 95, 102);\">Digitaler Akkord als Ausl\u00f6ser f\u00fcr Kontrolle und Rechnungsstellung.<\/span>\n<br >&nbsp; &nbsp; &nbsp; &nbsp; &nbsp; &nbsp; &nbsp;<\/p><p  class=\"\"><iframe loading=\"lazy\"  src=\"\/\/www.appdemostore.com\/embed?id=6533438298390528\" width=\"286\" height=\"581\" frameborder=\"0\"><\/iframe><\/p><\/div><div  class=\"col-sm-4 col-padding-small col-md-4\">  <h4  class=\"\"><span  style=\"color: rgb(65, 95, 102);\">Offline Verf\u00fcgbarkeit<\/span><\/h4> <p  class=\"\"><span  style=\"color: rgb(65, 95, 102);\">Parkgaragen und Neubauten k\u00f6nnen Sie nicht aufhalten. Auch ohne Internet alles zur Hand.<\/span><\/p><p  class=\"\"><iframe loading=\"lazy\"  src=\"\/\/www.appdemostore.com\/embed?id=4632108755582976\" width=\"286\" height=\"581\" frameborder=\"0\"><\/iframe><\/p><\/div><\/div> <div  class=\"row center-xs middle-xs\"> <div  class=\"col-sm-12\" data-type=\"column\">  <\/div><\/div> <\/div><\/div><div  data-label=\"Demo\" data-id=\"cta--1\" data-export-id=\"cta-blue-section\" data-category=\"cta\" class=\"cta-blue-section content-section content-section-spacing-medium bg-color1 white-text\" id=\"demo\" style=\"background-image: url(&quot;https:\/\/www.yellowq.nl\/wp-content\/uploads\/2020\/05\/demo.png&quot;); background-size: cover; background-position: center top;\"><div  class=\"gridContainer\"> <div  class=\"row middle-xs\"><div  class=\"col-sm-8 space-bottom-xs\" data-type=\"column\"> <h2  class=\"\"><span  style=\"color: rgb(248, 177, 51);\">Testen Sie die\n<\/span><br >Plattform kostenlos<\/h2> <p  class=\"\"><span  style=\"font-weight: 900;\"><b >Das ist m\u00f6glich!<\/b> <\/span>Fordern Sie die Demo an.<\/p><\/div> <div  id=\"alleFunctiesDemoAanvragen\" class=\"col-sm-4 end-sm\" data-type=\"column\"> <a class=\"button color-white round outline\" href=\"https:\/\/www.yellowq.nl\/de\/functies\/\" target=\"_self\" data-cp-link=\"1\" data-icon=\"\" rel=\"noopener noreferrer\">ALLE FUNKTIONALIT\u00c4TEN ANSEHEN<\/a><a id=\"DemoAanBtn1\" class=\"button color3 round\" href=\"https:\/\/www.yellowq.nl\/de\/demo-aanvragen\/\" target=\"_self\" data-cp-link=\"1\" data-icon=\"\" rel=\"noopener noreferrer\">DEMO ANFRAGEN<\/a><\/div> <\/div><\/div> <\/div>","protected":false},"excerpt":{"rendered":"<p>Mobiele app Met de mobiele app heeft uw servicemonteur de nieuwste technologie in handen bij het uitvoeren van service en onderhoud. De mobiele app is volledig gebouwd voor snel en gebruiksvriendelijk afronden van de werkbon. Klik zelf door onderstaande demo\u2019s om onze app te leren kennen! Startpunt van de dag &nbsp; E\u00e9n scherm met jouw&hellip; <br \/> <a class=\"read-more\" href=\"https:\/\/www.yellowq.nl\/de\/mobiele-app\/\">Weiterlesen<\/a><\/p>","protected":false},"author":1,"featured_media":0,"parent":0,"menu_order":0,"comment_status":"closed","ping_status":"closed","template":"pro\/page-templates\/full-width-page.php","meta":{"footnotes":""},"class_list":["post-3411","page","type-page","status-publish","hentry"],"yoast_head":"<!-- This site is optimized with the Yoast SEO plugin v17.4 - https:\/\/yoast.com\/wordpress\/plugins\/seo\/ -->\n<title>Mobiele app - yellowQ<\/title>\n<meta name=\"robots\" content=\"index, follow, max-snippet:-1, max-image-preview:large, max-video-preview:-1\" \/>\n<link rel=\"canonical\" href=\"https:\/\/www.yellowq.nl\/de\/mobiele-app\/\" \/>\n<meta property=\"og:locale\" content=\"de_DE\" \/>\n<meta property=\"og:type\" content=\"article\" \/>\n<meta property=\"og:title\" content=\"Mobiele app - yellowQ\" \/>\n<meta property=\"og:description\" content=\"Mobiele app Met de mobiele app heeft uw servicemonteur de nieuwste technologie in handen bij het uitvoeren van service en onderhoud. De mobiele app is volledig gebouwd voor snel en gebruiksvriendelijk afronden van de werkbon. Klik zelf door onderstaande demo\u2019s om onze app te leren kennen! Startpunt van de dag &nbsp; E\u00e9n scherm met jouw&hellip; Weiterlesen\" \/>\n<meta property=\"og:url\" content=\"https:\/\/www.yellowq.nl\/de\/mobiele-app\/\" \/>\n<meta property=\"og:site_name\" content=\"yellowQ\" \/>\n<meta property=\"article:modified_time\" content=\"2020-10-30T12:12:51+00:00\" \/>\n<meta name=\"twitter:card\" content=\"summary_large_image\" \/>\n<meta name=\"twitter:label1\" content=\"Gesch\u00e4tzte Lesezeit\" \/>\n\t<meta name=\"twitter:data1\" content=\"1\u00a0Minute\" \/>\n<script type=\"application\/ld+json\" class=\"yoast-schema-graph\">{\"@context\":\"https:\/\/schema.org\",\"@graph\":[{\"@type\":\"WebSite\",\"@id\":\"https:\/\/www.yellowq.nl\/#website\",\"url\":\"https:\/\/www.yellowq.nl\/\",\"name\":\"yellowQ\",\"description\":\"\",\"potentialAction\":[{\"@type\":\"SearchAction\",\"target\":{\"@type\":\"EntryPoint\",\"urlTemplate\":\"https:\/\/www.yellowq.nl\/?s={search_term_string}\"},\"query-input\":\"required name=search_term_string\"}],\"inLanguage\":\"de\"},{\"@type\":\"WebPage\",\"@id\":\"https:\/\/www.yellowq.nl\/mobiele-app\/#webpage\",\"url\":\"https:\/\/www.yellowq.nl\/mobiele-app\/\",\"name\":\"Mobiele app - yellowQ\",\"isPartOf\":{\"@id\":\"https:\/\/www.yellowq.nl\/#website\"},\"datePublished\":\"2019-11-18T11:16:50+00:00\",\"dateModified\":\"2020-10-30T12:12:51+00:00\",\"breadcrumb\":{\"@id\":\"https:\/\/www.yellowq.nl\/mobiele-app\/#breadcrumb\"},\"inLanguage\":\"de\",\"potentialAction\":[{\"@type\":\"ReadAction\",\"target\":[\"https:\/\/www.yellowq.nl\/mobiele-app\/\"]}]},{\"@type\":\"BreadcrumbList\",\"@id\":\"https:\/\/www.yellowq.nl\/mobiele-app\/#breadcrumb\",\"itemListElement\":[{\"@type\":\"ListItem\",\"position\":1,\"name\":\"Home\",\"item\":\"https:\/\/www.yellowq.nl\/\"},{\"@type\":\"ListItem\",\"position\":2,\"name\":\"Mobiele app\"}]}]}<\/script>\n<!-- \/ Yoast SEO plugin. -->","yoast_head_json":{"title":"Mobiele app - yellowQ","robots":{"index":"index","follow":"follow","max-snippet":"max-snippet:-1","max-image-preview":"max-image-preview:large","max-video-preview":"max-video-preview:-1"},"canonical":"https:\/\/www.yellowq.nl\/de\/mobiele-app\/","og_locale":"de_DE","og_type":"article","og_title":"Mobiele app - yellowQ","og_description":"Mobiele app Met de mobiele app heeft uw servicemonteur de nieuwste technologie in handen bij het uitvoeren van service en onderhoud. De mobiele app is volledig gebouwd voor snel en gebruiksvriendelijk afronden van de werkbon. Klik zelf door onderstaande demo\u2019s om onze app te leren kennen! Startpunt van de dag &nbsp; E\u00e9n scherm met jouw&hellip; Weiterlesen","og_url":"https:\/\/www.yellowq.nl\/de\/mobiele-app\/","og_site_name":"yellowQ","article_modified_time":"2020-10-30T12:12:51+00:00","twitter_card":"summary_large_image","twitter_misc":{"Gesch\u00e4tzte Lesezeit":"1\u00a0Minute"},"schema":{"@context":"https:\/\/schema.org","@graph":[{"@type":"WebSite","@id":"https:\/\/www.yellowq.nl\/#website","url":"https:\/\/www.yellowq.nl\/","name":"yellowQ","description":"","potentialAction":[{"@type":"SearchAction","target":{"@type":"EntryPoint","urlTemplate":"https:\/\/www.yellowq.nl\/?s={search_term_string}"},"query-input":"required name=search_term_string"}],"inLanguage":"de"},{"@type":"WebPage","@id":"https:\/\/www.yellowq.nl\/mobiele-app\/#webpage","url":"https:\/\/www.yellowq.nl\/mobiele-app\/","name":"Mobiele app - yellowQ","isPartOf":{"@id":"https:\/\/www.yellowq.nl\/#website"},"datePublished":"2019-11-18T11:16:50+00:00","dateModified":"2020-10-30T12:12:51+00:00","breadcrumb":{"@id":"https:\/\/www.yellowq.nl\/mobiele-app\/#breadcrumb"},"inLanguage":"de","potentialAction":[{"@type":"ReadAction","target":["https:\/\/www.yellowq.nl\/mobiele-app\/"]}]},{"@type":"BreadcrumbList","@id":"https:\/\/www.yellowq.nl\/mobiele-app\/#breadcrumb","itemListElement":[{"@type":"ListItem","position":1,"name":"Home","item":"https:\/\/www.yellowq.nl\/"},{"@type":"ListItem","position":2,"name":"Mobiele app"}]}]}},"_links":{"self":[{"href":"https:\/\/www.yellowq.nl\/de\/wp-json\/wp\/v2\/pages\/3411","targetHints":{"allow":["GET"]}}],"collection":[{"href":"https:\/\/www.yellowq.nl\/de\/wp-json\/wp\/v2\/pages"}],"about":[{"href":"https:\/\/www.yellowq.nl\/de\/wp-json\/wp\/v2\/types\/page"}],"author":[{"embeddable":true,"href":"https:\/\/www.yellowq.nl\/de\/wp-json\/wp\/v2\/users\/1"}],"replies":[{"embeddable":true,"href":"https:\/\/www.yellowq.nl\/de\/wp-json\/wp\/v2\/comments?post=3411"}],"version-history":[{"count":51,"href":"https:\/\/www.yellowq.nl\/de\/wp-json\/wp\/v2\/pages\/3411\/revisions"}],"predecessor-version":[{"id":6594,"href":"https:\/\/www.yellowq.nl\/de\/wp-json\/wp\/v2\/pages\/3411\/revisions\/6594"}],"wp:attachment":[{"href":"https:\/\/www.yellowq.nl\/de\/wp-json\/wp\/v2\/media?parent=3411"}],"curies":[{"name":"wp","href":"https:\/\/api.w.org\/{rel}","templated":true}]}}