{"id":6154,"date":"2019-05-18T11:16:17","date_gmt":"2019-05-18T09:16:17","guid":{"rendered":"https:\/\/www.bouwbit.nl\/?page_id=6154"},"modified":"2024-04-30T19:41:10","modified_gmt":"2024-04-30T17:41:10","slug":"voor-wie","status":"publish","type":"page","link":"https:\/\/www.yellowq.nl\/de\/voor-wie\/","title":{"rendered":"F\u00fcr wen"},"content":{"rendered":"<div data-label=\"Front office medewerker\" data-id=\"content--1\" data-export-id=\"content-7\" data-category=\"content\" class=\"content-7 content-section content-section-spacing\" id=\"front-office-medewerker\" style=\"background-color: #ffffff;\">\r\n<div class=\"gridContainer\">\r\n<div class=\"row middle-sm\">\r\n<div class=\"col-sm-6 space-bottom-xs\" data-type=\"column\">\r\n<h2 class=\"\"><span style=\"color: #415f66;\">Front office medewerker<\/span><\/h2>\r\n<p class=\"\"><span style=\"color: #415f66;\">Der Mitarbeiter im Front Office ist die erste Anlaufstelle wenn es um Service und Wartung geht.\r\n<\/span>\r\n<span style=\"color: #415f66;\">yellowQ sorgt daf\u00fcr dass ein Kanal f\u00fcr die Erfassung von digitalen Arbeitsauftr\u00e4gen bleibt.\r\n<\/span>\r\n<span style=\"color: #415f66;\">\r\n\u00dcber eine intelligente Schnittstelle arbeitet der Front Office Mitarbeiter strukturiert an der Eingabe des digitalen Arbeitsauftrags und verwaltet den digitalen Arbeitsauftrag so lange bis er vom Planer dem Servicetechniker zugeordnet werden kann.<\/span><\/p>\r\n\r\n<\/div>\r\n<div class=\"col-sm-6\" data-type=\"column\"><img decoding=\"async\" src=\"https:\/\/www.yellowq.nl\/wp-content\/uploads\/2021\/01\/planboard-and-workOrder.png\" alt=\"\" title=\"planboard and workOrder\" class=\"\" \/><\/div>\r\n<\/div>\r\n<\/div>\r\n<\/div>\r\n<div data-label=\"Planner\" data-id=\"content--2\" data-export-id=\"content-8\" data-category=\"content\" class=\"content-8 content-section content-section-spacing\" id=\"planner\" style=\"background-color: #ffffff; background-image: none;\">\r\n<div class=\"gridContainer\">\r\n<div class=\"row middle-sm\">\r\n<div class=\"col-sm-6 space-bottom-xs space-top-xs\" data-type=\"column\"><img decoding=\"async\" src=\"https:\/\/www.yellowq.nl\/wp-content\/uploads\/2021\/01\/macbook-planboard.png\" alt=\"\" title=\"macbook planboard\" class=\"\" \/><\/div>\r\n<div class=\"col-sm-6 first-xs last-sm\" data-type=\"column\">\r\n<h2 class=\"\"><span style=\"color: #415f66;\">Planner van werkbonnen<\/span><\/h2>\r\n<p class=\"\"><span style=\"color: #415f66;\">Das Drehen an den richtigen Kn\u00f6pfen erh\u00f6ht die Effizienz.\r\n<\/span><\/p>\r\n<span style=\"color: #415f66;\">\r\nDie \u00fcbersichtliche und benutzerfreundliche digitale Plantafel bietet alle Funktionen die ein Planer ben\u00f6tigt. Mit Hilfe von 'Drag and Drop' erhalten Sie auf einen Blick Einblick in die Kapazit\u00e4t und Auslastung und stehen dem Servicetechniker sofort zur Verf\u00fcgung.\r\n<\/span>\r\n\r\n<span style=\"color: #415f66;\">\r\nVermeiden Sie unn\u00f6tige Telefonanrufe und fehlende Informationen zum Arbeitsauftrag und verabschieden Sie sich von dem \u00fcberladenen Papierarbeitsauftrag.<\/span>\r\n\r\n<\/div>\r\n<\/div>\r\n<\/div>\r\n<\/div>\r\n<div data-label=\"Servicemonteur\" data-id=\"content--4\" data-export-id=\"content-7\" data-category=\"content\" class=\"content-7 content-section content-section-spacing\" id=\"servicemonteur\" style=\"background-color: #ffffff; background-image: none;\">\r\n<div class=\"gridContainer\">\r\n<div class=\"row middle-sm\">\r\n<div class=\"col-sm-6 space-bottom-xs\" data-type=\"column\">\r\n<h2 class=\"\"><span style=\"color: #415f66;\">Servicemonteur<\/span><\/h2>\r\n<p class=\"\"><span style=\"color: #415f66;\">De snelle digitale ontwikkeling biedt kansen voor de servicemonteur. Waar papier vroeger onmisbaar was, zijn er tegenwoordig apparaten beschikbaar die zowel online als offline ondersteuning bieden.\r\n<\/span>\r\n<span style=\"color: #415f66;\">\r\nEs gibt keine verlorenen oder unlesbaren Quittungen mehr und die Fehleranf\u00e4lligkeit ist deutlich reduziert.\r\n<\/span>\r\n<span style=\"color: #415f66;\">\r\nEinfaches Hinzuf\u00fcgen mehrerer Fotos vor w\u00e4hrend oder nach der durchgef\u00fchrten Arbeit wonach der digitale Arbeitsauftrag automatisch abgemeldet wird, wenn der Kunde sich abgemeldet hat.<\/span><\/p>\r\n\r\n<\/div>\r\n<div class=\"col-sm-6\" data-type=\"column\"><img decoding=\"async\" class=\"custom-image\" src=\"https:\/\/www.yellowq.nl\/wp-content\/uploads\/2023\/12\/cropped-Ontwerp-zonder-titel.png\" title=\"cropped-Ontwerp-zonder-titel.png\" alt=\"\" \/><\/div>\r\n<\/div>\r\n<\/div>\r\n<\/div>\r\n<div data-label=\"Controleur\" data-id=\"content--3\" data-export-id=\"content-8\" data-category=\"content\" class=\"content-8 content-section content-section-spacing\" id=\"controleur\" style=\"background-color: #ffffff;\">\r\n<div class=\"gridContainer\">\r\n<div class=\"row middle-sm\">\r\n<div class=\"col-sm-6 space-bottom-xs space-top-xs\" data-type=\"column\"><img decoding=\"async\" class=\"shadow-large\" src=\"https:\/\/www.yellowq.nl\/wp-content\/uploads\/2021\/01\/FactuurScreenshot.png\" alt=\"\" title=\"FactuurScreenshot\" \/><\/div>\r\n<div class=\"col-sm-6 first-xs last-sm\" data-type=\"column\">\r\n<h2 class=\"\"><span style=\"color: #415f66;\">Controleur<\/span><\/h2>\r\n<p class=\"\"><span style=\"color: #415f66;\">Die ausgef\u00fchrte und dem Kunden in Rechnung gestellte Arbeit im Griff zu haben, das ist die Aufgabe des Kontrolleurs.\r\n<\/span><\/p>\r\n<span style=\"color: #415f66;\">\r\nIn der Vergangenheit mussten Arbeitsauftr\u00e4ge in Papierform oft entziffert oder zur\u00fcckgesucht werden, fast immer am Ende eines langen Arbeitstages. Mit yellowQ geh\u00f6ren diese Herausforderungen der Vergangenheit an.\r\n<\/span>\r\n\r\n<span style=\"color: #415f66;\">\r\nDie heutige Technologie bietet sofortigen Einblick in den Realtime Status von Arbeitsauftr\u00e4gen und erm\u00f6glicht eine genaue und effiziente Kontrolle.<\/span>\r\n\r\n<\/div>\r\n<\/div>\r\n<\/div>\r\n<\/div>\r\n<div data-label=\"Demo\" data-id=\"cta--2\" data-export-id=\"cta-blue-section\" data-category=\"cta\" class=\"cta-blue-section content-section content-section-spacing-medium bg-color1 white-text\" id=\"demo-1\" style=\"background-image: url('https:\/\/www.yellowq.nl\/wp-content\/uploads\/2023\/10\/demo.png'); background-color: #1b343d; background-size: cover; background-position: top;\">\r\n<div class=\"gridContainer\">\r\n<div class=\"row middle-xs\">\r\n<div class=\"col-sm-8 space-bottom-xs\" data-type=\"column\">\r\n<h2 class=\"\"><span class=\"\" style=\"margin-bottom: 16px; outline-color: #cccccc; outline-style: solid; text-rendering: optimizelegibility; font-size: 2.5rem; line-height: 3rem; overflow-wrap: break-word;\"><span style=\"color: #ffffff;\">yellowQ software<\/span><span style=\"color: #000000;\">\u00a0<\/span><span style=\"color: #fbc02d;\">Gratis proberen?<\/span><\/span><\/h2>\r\n<\/div>\r\n<div class=\"col-sm-4 end-sm\" data-type=\"column\"><a class=\"button color7\" href=\"https:\/\/www.yellowq.nl\/de\/demo-aanvragen\/\" target=\"_self\" data-cp-link=\"1\" data-icon=\"\" rel=\"noopener\">DEMO ANFRAGEN<\/a><\/div>\r\n<\/div>\r\n<\/div>\r\n<\/div>","protected":false},"excerpt":{"rendered":"<p>Front office medewerker De frontoffice medewerker is het eerste aanspreekpunt als het gaat om service en onderhoud. yellowQ zorgt dat er \u00e9\u00e9n kanaal overblijft voor het registreren van digitale werkbonnen. De frontoffice medewerker werkt met een slimme interface op een gestructureerde wijze aan de invoer van de digitale werkbon en beheert de digitale werkbon totdat&hellip; <br \/> <a class=\"read-more\" href=\"https:\/\/www.yellowq.nl\/de\/voor-wie\/\">Weiterlesen<\/a><\/p>","protected":false},"author":1,"featured_media":0,"parent":0,"menu_order":0,"comment_status":"closed","ping_status":"closed","template":"pro\/page-templates\/full-width-page.php","meta":{"footnotes":""},"class_list":["post-6154","page","type-page","status-publish","hentry"],"yoast_head":"<!-- This site is optimized with the Yoast SEO plugin v17.4 - https:\/\/yoast.com\/wordpress\/plugins\/seo\/ -->\n<title>yellowQ | D\u00e9 bouwsoftware voor jou?<\/title>\n<meta name=\"description\" content=\"Ontdek hoe yellowQ de workflow optimaliseert voor monteurs en bouwvakkers. \u2713Naadloze integratie \u2713Duidelijk planbord \u2713Offline gebruik\" \/>\n<meta name=\"robots\" content=\"index, follow, max-snippet:-1, max-image-preview:large, max-video-preview:-1\" \/>\n<link rel=\"canonical\" href=\"https:\/\/www.yellowq.nl\/de\/voor-wie\/\" \/>\n<meta property=\"og:locale\" content=\"de_DE\" \/>\n<meta property=\"og:type\" content=\"article\" \/>\n<meta property=\"og:title\" content=\"yellowQ | D\u00e9 bouwsoftware voor jou?\" \/>\n<meta property=\"og:description\" content=\"Ontdek hoe yellowQ de workflow optimaliseert voor monteurs en bouwvakkers. \u2713Naadloze integratie \u2713Duidelijk planbord \u2713Offline gebruik\" \/>\n<meta property=\"og:url\" content=\"https:\/\/www.yellowq.nl\/de\/voor-wie\/\" \/>\n<meta property=\"og:site_name\" content=\"yellowQ\" \/>\n<meta property=\"article:modified_time\" content=\"2024-04-30T17:41:10+00:00\" \/>\n<meta property=\"og:image\" content=\"https:\/\/www.yellowq.nl\/wp-content\/uploads\/2021\/01\/planboard-and-workOrder.png\" \/>\n<meta name=\"twitter:card\" content=\"summary_large_image\" \/>\n<meta name=\"twitter:label1\" content=\"Gesch\u00e4tzte Lesezeit\" \/>\n\t<meta name=\"twitter:data1\" content=\"1\u00a0Minute\" \/>\n<script type=\"application\/ld+json\" class=\"yoast-schema-graph\">{\"@context\":\"https:\/\/schema.org\",\"@graph\":[{\"@type\":\"WebSite\",\"@id\":\"https:\/\/www.yellowq.nl\/#website\",\"url\":\"https:\/\/www.yellowq.nl\/\",\"name\":\"yellowQ\",\"description\":\"\",\"potentialAction\":[{\"@type\":\"SearchAction\",\"target\":{\"@type\":\"EntryPoint\",\"urlTemplate\":\"https:\/\/www.yellowq.nl\/?s={search_term_string}\"},\"query-input\":\"required name=search_term_string\"}],\"inLanguage\":\"de\"},{\"@type\":\"ImageObject\",\"@id\":\"https:\/\/www.yellowq.nl\/voor-wie\/#primaryimage\",\"inLanguage\":\"de\",\"url\":\"https:\/\/www.yellowq.nl\/wp-content\/uploads\/2021\/01\/planboard-and-workOrder.png\",\"contentUrl\":\"https:\/\/www.yellowq.nl\/wp-content\/uploads\/2021\/01\/planboard-and-workOrder.png\",\"width\":3236,\"height\":2299},{\"@type\":\"WebPage\",\"@id\":\"https:\/\/www.yellowq.nl\/voor-wie\/#webpage\",\"url\":\"https:\/\/www.yellowq.nl\/voor-wie\/\",\"name\":\"yellowQ | D\\u00e9 bouwsoftware voor jou?\",\"isPartOf\":{\"@id\":\"https:\/\/www.yellowq.nl\/#website\"},\"primaryImageOfPage\":{\"@id\":\"https:\/\/www.yellowq.nl\/voor-wie\/#primaryimage\"},\"datePublished\":\"2019-05-18T09:16:17+00:00\",\"dateModified\":\"2024-04-30T17:41:10+00:00\",\"description\":\"Ontdek hoe yellowQ de workflow optimaliseert voor monteurs en bouwvakkers. \\u2713Naadloze integratie \\u2713Duidelijk planbord \\u2713Offline gebruik\",\"breadcrumb\":{\"@id\":\"https:\/\/www.yellowq.nl\/voor-wie\/#breadcrumb\"},\"inLanguage\":\"de\",\"potentialAction\":[{\"@type\":\"ReadAction\",\"target\":[\"https:\/\/www.yellowq.nl\/voor-wie\/\"]}]},{\"@type\":\"BreadcrumbList\",\"@id\":\"https:\/\/www.yellowq.nl\/voor-wie\/#breadcrumb\",\"itemListElement\":[{\"@type\":\"ListItem\",\"position\":1,\"name\":\"Home\",\"item\":\"https:\/\/www.yellowq.nl\/\"},{\"@type\":\"ListItem\",\"position\":2,\"name\":\"Voor wie\"}]}]}<\/script>\n<!-- \/ Yoast SEO plugin. -->","yoast_head_json":{"title":"yellowQ | D\u00e9 bouwsoftware voor jou?","description":"Ontdek hoe yellowQ de workflow optimaliseert voor monteurs en bouwvakkers. \u2713Naadloze integratie \u2713Duidelijk planbord \u2713Offline gebruik","robots":{"index":"index","follow":"follow","max-snippet":"max-snippet:-1","max-image-preview":"max-image-preview:large","max-video-preview":"max-video-preview:-1"},"canonical":"https:\/\/www.yellowq.nl\/de\/voor-wie\/","og_locale":"de_DE","og_type":"article","og_title":"yellowQ | D\u00e9 bouwsoftware voor jou?","og_description":"Ontdek hoe yellowQ de workflow optimaliseert voor monteurs en bouwvakkers. \u2713Naadloze integratie \u2713Duidelijk planbord \u2713Offline gebruik","og_url":"https:\/\/www.yellowq.nl\/de\/voor-wie\/","og_site_name":"yellowQ","article_modified_time":"2024-04-30T17:41:10+00:00","og_image":[{"url":"https:\/\/www.yellowq.nl\/wp-content\/uploads\/2021\/01\/planboard-and-workOrder.png"}],"twitter_card":"summary_large_image","twitter_misc":{"Gesch\u00e4tzte Lesezeit":"1\u00a0Minute"},"schema":{"@context":"https:\/\/schema.org","@graph":[{"@type":"WebSite","@id":"https:\/\/www.yellowq.nl\/#website","url":"https:\/\/www.yellowq.nl\/","name":"yellowQ","description":"","potentialAction":[{"@type":"SearchAction","target":{"@type":"EntryPoint","urlTemplate":"https:\/\/www.yellowq.nl\/?s={search_term_string}"},"query-input":"required name=search_term_string"}],"inLanguage":"de"},{"@type":"ImageObject","@id":"https:\/\/www.yellowq.nl\/voor-wie\/#primaryimage","inLanguage":"de","url":"https:\/\/www.yellowq.nl\/wp-content\/uploads\/2021\/01\/planboard-and-workOrder.png","contentUrl":"https:\/\/www.yellowq.nl\/wp-content\/uploads\/2021\/01\/planboard-and-workOrder.png","width":3236,"height":2299},{"@type":"WebPage","@id":"https:\/\/www.yellowq.nl\/voor-wie\/#webpage","url":"https:\/\/www.yellowq.nl\/voor-wie\/","name":"yellowQ | D\u00e9 bouwsoftware voor jou?","isPartOf":{"@id":"https:\/\/www.yellowq.nl\/#website"},"primaryImageOfPage":{"@id":"https:\/\/www.yellowq.nl\/voor-wie\/#primaryimage"},"datePublished":"2019-05-18T09:16:17+00:00","dateModified":"2024-04-30T17:41:10+00:00","description":"Ontdek hoe yellowQ de workflow optimaliseert voor monteurs en bouwvakkers. \u2713Naadloze integratie \u2713Duidelijk planbord \u2713Offline gebruik","breadcrumb":{"@id":"https:\/\/www.yellowq.nl\/voor-wie\/#breadcrumb"},"inLanguage":"de","potentialAction":[{"@type":"ReadAction","target":["https:\/\/www.yellowq.nl\/voor-wie\/"]}]},{"@type":"BreadcrumbList","@id":"https:\/\/www.yellowq.nl\/voor-wie\/#breadcrumb","itemListElement":[{"@type":"ListItem","position":1,"name":"Home","item":"https:\/\/www.yellowq.nl\/"},{"@type":"ListItem","position":2,"name":"Voor wie"}]}]}},"_links":{"self":[{"href":"https:\/\/www.yellowq.nl\/de\/wp-json\/wp\/v2\/pages\/6154","targetHints":{"allow":["GET"]}}],"collection":[{"href":"https:\/\/www.yellowq.nl\/de\/wp-json\/wp\/v2\/pages"}],"about":[{"href":"https:\/\/www.yellowq.nl\/de\/wp-json\/wp\/v2\/types\/page"}],"author":[{"embeddable":true,"href":"https:\/\/www.yellowq.nl\/de\/wp-json\/wp\/v2\/users\/1"}],"replies":[{"embeddable":true,"href":"https:\/\/www.yellowq.nl\/de\/wp-json\/wp\/v2\/comments?post=6154"}],"version-history":[{"count":26,"href":"https:\/\/www.yellowq.nl\/de\/wp-json\/wp\/v2\/pages\/6154\/revisions"}],"predecessor-version":[{"id":7224,"href":"https:\/\/www.yellowq.nl\/de\/wp-json\/wp\/v2\/pages\/6154\/revisions\/7224"}],"wp:attachment":[{"href":"https:\/\/www.yellowq.nl\/de\/wp-json\/wp\/v2\/media?parent=6154"}],"curies":[{"name":"wp","href":"https:\/\/api.w.org\/{rel}","templated":true}]}}